{"id":364,"date":"2023-10-31T16:27:24","date_gmt":"2023-10-31T19:27:24","guid":{"rendered":"https:\/\/proyate.siteup.dev\/?page_id=364"},"modified":"2024-01-17T11:21:56","modified_gmt":"2024-01-17T14:21:56","slug":"blog","status":"publish","type":"page","link":"https:\/\/proyate.siteup.dev\/en\/blog\/","title":{"rendered":"Blog"},"content":{"rendered":"<div data-elementor-type=\"wp-page\" data-elementor-id=\"364\" class=\"elementor elementor-364\" data-elementor-post-type=\"page\">\n\t\t\t\t\t\t\t<div class=\"elementor-element elementor-element-65a47ba e-flex e-con-boxed e-con e-parent\" data-id=\"65a47ba\" data-element_type=\"container\" data-settings=\"{&quot;container_type&quot;:&quot;flex&quot;,&quot;content_width&quot;:&quot;boxed&quot;}\" data-core-v316-plus=\"true\">\n\t\t\t\t\t<div class=\"e-con-inner\">\n\t\t\t\t<div class=\"elementor-element elementor-element-6e11c76 elementor-widget elementor-widget-heading\" data-id=\"6e11c76\" data-element_type=\"widget\" data-widget_type=\"heading.default\">\n\t\t\t\t<div class=\"elementor-widget-container\">\n\t\t\t<style>\/*! elementor - v3.18.0 - 20-12-2023 *\/\n.elementor-heading-title{padding:0;margin:0;line-height:1}.elementor-widget-heading .elementor-heading-title[class*=elementor-size-]>a{color:inherit;font-size:inherit;line-height:inherit}.elementor-widget-heading .elementor-heading-title.elementor-size-small{font-size:15px}.elementor-widget-heading .elementor-heading-title.elementor-size-medium{font-size:19px}.elementor-widget-heading .elementor-heading-title.elementor-size-large{font-size:29px}.elementor-widget-heading .elementor-heading-title.elementor-size-xl{font-size:39px}.elementor-widget-heading .elementor-heading-title.elementor-size-xxl{font-size:59px}<\/style><h1 class=\"elementor-heading-title elementor-size-default\">Blog<\/h1>\t\t<\/div>\n\t\t\t\t<\/div>\n\t\t\t\t<div class=\"elementor-element elementor-element-a8b873f elementor-widget elementor-widget-heading\" data-id=\"a8b873f\" data-element_type=\"widget\" data-widget_type=\"heading.default\">\n\t\t\t\t<div class=\"elementor-widget-container\">\n\t\t\t<h2 class=\"elementor-heading-title elementor-size-default\">OUR BLOG<\/h2>\t\t<\/div>\n\t\t\t\t<\/div>\n\t\t\t\t<div class=\"elementor-element elementor-element-77ecd7a elementor-widget elementor-widget-image\" data-id=\"77ecd7a\" data-element_type=\"widget\" data-widget_type=\"image.default\">\n\t\t\t\t<div class=\"elementor-widget-container\">\n\t\t\t<style>\/*! elementor - v3.18.0 - 20-12-2023 *\/\n.elementor-widget-image{text-align:center}.elementor-widget-image a{display:inline-block}.elementor-widget-image a img[src$=\".svg\"]{width:48px}.elementor-widget-image img{vertical-align:middle;display:inline-block}<\/style>\t\t\t\t\t\t\t\t\t\t\t\t<img decoding=\"async\" width=\"558\" height=\"63\" src=\"https:\/\/proyate.siteup.dev\/wp-content\/uploads\/2024\/01\/div-blog.png\" class=\"attachment-full size-full wp-image-1008\" alt=\"div blog\" srcset=\"https:\/\/proyate.siteup.dev\/wp-content\/uploads\/2024\/01\/div-blog.png 558w, https:\/\/proyate.siteup.dev\/wp-content\/uploads\/2024\/01\/div-blog-300x34.png 300w, https:\/\/proyate.siteup.dev\/wp-content\/uploads\/2024\/01\/div-blog-18x2.png 18w\" sizes=\"(max-width: 558px) 100vw, 558px\" \/>\t\t\t\t\t\t\t\t\t\t\t\t\t\t\t<\/div>\n\t\t\t\t<\/div>\n\t\t\t\t<div class=\"elementor-element elementor-element-891967b elementor-widget elementor-widget-jet-listing-grid\" data-id=\"891967b\" data-element_type=\"widget\" data-settings=\"{&quot;columns&quot;:3,&quot;columns_tablet&quot;:&quot;2&quot;,&quot;columns_mobile&quot;:&quot;1&quot;}\" data-widget_type=\"jet-listing-grid.default\">\n\t\t\t\t<div class=\"elementor-widget-container\">\n\t\t\t<div class=\"jet-listing-grid jet-listing\"><div class=\"jet-listing-grid__items grid-col-desk-3 grid-col-tablet-2 grid-col-mobile-1 jet-listing-grid--968\" data-queried-id=\"364|WP_Post\" data-nav=\"{&quot;enabled&quot;:false,&quot;type&quot;:null,&quot;more_el&quot;:null,&quot;query&quot;:[],&quot;widget_settings&quot;:{&quot;lisitng_id&quot;:968,&quot;posts_num&quot;:6,&quot;columns&quot;:3,&quot;columns_tablet&quot;:2,&quot;columns_mobile&quot;:1,&quot;is_archive_template&quot;:&quot;&quot;,&quot;post_status&quot;:[&quot;publish&quot;],&quot;use_random_posts_num&quot;:&quot;&quot;,&quot;max_posts_num&quot;:9,&quot;not_found_message&quot;:&quot;No data was found&quot;,&quot;is_masonry&quot;:false,&quot;equal_columns_height&quot;:&quot;&quot;,&quot;use_load_more&quot;:&quot;&quot;,&quot;load_more_id&quot;:&quot;&quot;,&quot;load_more_type&quot;:&quot;click&quot;,&quot;load_more_offset&quot;:{&quot;unit&quot;:&quot;px&quot;,&quot;size&quot;:0,&quot;sizes&quot;:[]},&quot;use_custom_post_types&quot;:&quot;&quot;,&quot;custom_post_types&quot;:[],&quot;hide_widget_if&quot;:&quot;&quot;,&quot;carousel_enabled&quot;:&quot;&quot;,&quot;slides_to_scroll&quot;:&quot;1&quot;,&quot;arrows&quot;:&quot;true&quot;,&quot;arrow_icon&quot;:&quot;fa fa-angle-left&quot;,&quot;dots&quot;:&quot;&quot;,&quot;autoplay&quot;:&quot;true&quot;,&quot;pause_on_hover&quot;:&quot;true&quot;,&quot;autoplay_speed&quot;:5000,&quot;infinite&quot;:&quot;true&quot;,&quot;center_mode&quot;:&quot;&quot;,&quot;effect&quot;:&quot;slide&quot;,&quot;speed&quot;:500,&quot;inject_alternative_items&quot;:&quot;&quot;,&quot;injection_items&quot;:[],&quot;scroll_slider_enabled&quot;:&quot;&quot;,&quot;scroll_slider_on&quot;:[&quot;desktop&quot;,&quot;tablet&quot;,&quot;mobile&quot;],&quot;custom_query&quot;:false,&quot;custom_query_id&quot;:&quot;&quot;,&quot;_element_id&quot;:&quot;&quot;}}\" data-page=\"1\" data-pages=\"1\" data-listing-source=\"posts\" data-listing-id=\"968\" data-query-id=\"\"><div class=\"jet-listing-grid__item jet-listing-dynamic-post-445\" data-post-id=\"445\" >\t\t<div data-elementor-type=\"jet-listing-items\" data-elementor-id=\"968\" class=\"elementor elementor-968\" data-elementor-post-type=\"jet-engine\">\n\t\t\t\t\t\t\t<div class=\"elementor-element elementor-element-298ced5 e-flex e-con-boxed e-con e-parent\" data-id=\"298ced5\" data-element_type=\"container\" data-settings=\"{&quot;background_background&quot;:&quot;classic&quot;,&quot;container_type&quot;:&quot;flex&quot;,&quot;content_width&quot;:&quot;boxed&quot;}\" data-core-v316-plus=\"true\">\n\t\t\t\t\t<div class=\"e-con-inner\">\n\t\t<div class=\"elementor-element elementor-element-e3f4521 e-flex e-con-boxed e-con e-child\" data-id=\"e3f4521\" data-element_type=\"container\" data-settings=\"{&quot;container_type&quot;:&quot;flex&quot;,&quot;content_width&quot;:&quot;boxed&quot;}\">\n\t\t\t\t\t<div class=\"e-con-inner\">\n\t\t\t\t<div class=\"elementor-element elementor-element-ed6d692 elementor-widget elementor-widget-image\" data-id=\"ed6d692\" data-element_type=\"widget\" data-widget_type=\"image.default\">\n\t\t\t\t<div class=\"elementor-widget-container\">\n\t\t\t\t\t\t\t\t\t\t\t\t\t\t\t\t<a href=\"https:\/\/proyate.siteup.dev\/en\/duo-tumpa-6\/\">\n\t\t\t\t\t\t\t<img fetchpriority=\"high\" decoding=\"async\" width=\"1280\" height=\"720\" src=\"https:\/\/proyate.siteup.dev\/wp-content\/uploads\/2024\/01\/10-Tumpa-Duo.png\" class=\"attachment-full size-full wp-image-1054\" alt=\"Tump\u00e1 Duo\" srcset=\"https:\/\/proyate.siteup.dev\/wp-content\/uploads\/2024\/01\/10-Tumpa-Duo.png 1280w, https:\/\/proyate.siteup.dev\/wp-content\/uploads\/2024\/01\/10-Tumpa-Duo-300x169.png 300w, https:\/\/proyate.siteup.dev\/wp-content\/uploads\/2024\/01\/10-Tumpa-Duo-1024x576.png 1024w, https:\/\/proyate.siteup.dev\/wp-content\/uploads\/2024\/01\/10-Tumpa-Duo-768x432.png 768w, https:\/\/proyate.siteup.dev\/wp-content\/uploads\/2024\/01\/10-Tumpa-Duo-18x10.png 18w\" sizes=\"(max-width: 1280px) 100vw, 1280px\" \/>\t\t\t\t\t\t\t\t<\/a>\n\t\t\t\t\t\t\t\t\t\t\t\t\t\t\t<\/div>\n\t\t\t\t<\/div>\n\t\t\t\t<div class=\"elementor-element elementor-element-709d206 elementor-widget elementor-widget-theme-post-title elementor-page-title elementor-widget-heading\" data-id=\"709d206\" data-element_type=\"widget\" data-widget_type=\"theme-post-title.default\">\n\t\t\t\t<div class=\"elementor-widget-container\">\n\t\t\t<h2 class=\"elementor-heading-title elementor-size-default\">Duo (Tump\u00e1)<\/h2>\t\t<\/div>\n\t\t\t\t<\/div>\n\t\t\t\t\t<\/div>\n\t\t\t\t<\/div>\n\t\t\t\t<div class=\"elementor-element elementor-element-0501493 elementor-widget elementor-widget-button\" data-id=\"0501493\" data-element_type=\"widget\" data-widget_type=\"button.default\">\n\t\t\t\t<div class=\"elementor-widget-container\">\n\t\t\t\t\t<div class=\"elementor-button-wrapper\">\n\t\t\t<a class=\"elementor-button elementor-button-link elementor-size-sm\" href=\"https:\/\/proyate.siteup.dev\/en\/duo-tumpa-6\/\">\n\t\t\t\t\t\t<span class=\"elementor-button-content-wrapper\">\n\t\t\t\t\t\t<span class=\"elementor-button-icon elementor-align-icon-right\">\n\t\t\t\t<svg xmlns=\"http:\/\/www.w3.org\/2000\/svg\" width=\"24\" height=\"24\" viewbox=\"0 0 24 24\" fill=\"none\"><path d=\"M7 17L17 7\" stroke=\"#657056\" stroke-width=\"1.4\" stroke-linecap=\"round\" stroke-linejoin=\"round\"><\/path><path d=\"M7 7H17V17\" stroke=\"#657056\" stroke-width=\"1.4\" stroke-linecap=\"round\" stroke-linejoin=\"round\"><\/path><\/svg>\t\t\t<\/span>\n\t\t\t\t\t\t<span class=\"elementor-button-text\">Read more<\/span>\n\t\t<\/span>\n\t\t\t\t\t<\/a>\n\t\t<\/div>\n\t\t\t\t<\/div>\n\t\t\t\t<\/div>\n\t\t\t\t\t<\/div>\n\t\t\t\t<\/div>\n\t\t\t\t\t\t\t<\/div>\n\t\t<\/div><div class=\"jet-listing-grid__item jet-listing-dynamic-post-444\" data-post-id=\"444\" >\t\t<div data-elementor-type=\"jet-listing-items\" data-elementor-id=\"968\" class=\"elementor elementor-968\" data-elementor-post-type=\"jet-engine\">\n\t\t\t\t\t\t\t<div class=\"elementor-element elementor-element-298ced5 e-flex e-con-boxed e-con e-parent\" data-id=\"298ced5\" data-element_type=\"container\" data-settings=\"{&quot;background_background&quot;:&quot;classic&quot;,&quot;container_type&quot;:&quot;flex&quot;,&quot;content_width&quot;:&quot;boxed&quot;}\" data-core-v316-plus=\"true\">\n\t\t\t\t\t<div class=\"e-con-inner\">\n\t\t<div class=\"elementor-element elementor-element-e3f4521 e-flex e-con-boxed e-con e-child\" data-id=\"e3f4521\" data-element_type=\"container\" data-settings=\"{&quot;container_type&quot;:&quot;flex&quot;,&quot;content_width&quot;:&quot;boxed&quot;}\">\n\t\t\t\t\t<div class=\"e-con-inner\">\n\t\t\t\t<div class=\"elementor-element elementor-element-ed6d692 elementor-widget elementor-widget-image\" data-id=\"ed6d692\" data-element_type=\"widget\" data-widget_type=\"image.default\">\n\t\t\t\t<div class=\"elementor-widget-container\">\n\t\t\t\t\t\t\t\t\t\t\t\t\t\t\t\t<a href=\"https:\/\/proyate.siteup.dev\/en\/percussion-in-focus-reflections-and-lessons-from-the-percussive-connections-project-6\/\">\n\t\t\t\t\t\t\t<img decoding=\"async\" width=\"752\" height=\"376\" src=\"https:\/\/proyate.siteup.dev\/wp-content\/uploads\/2023\/10\/blog1.webp\" class=\"attachment-full size-full wp-image-404\" alt=\"Conex\u00f5es percussivas\" srcset=\"https:\/\/proyate.siteup.dev\/wp-content\/uploads\/2023\/10\/blog1.webp 752w, https:\/\/proyate.siteup.dev\/wp-content\/uploads\/2023\/10\/blog1-300x150.webp 300w, https:\/\/proyate.siteup.dev\/wp-content\/uploads\/2023\/10\/blog1-18x9.webp 18w\" sizes=\"(max-width: 752px) 100vw, 752px\" \/>\t\t\t\t\t\t\t\t<\/a>\n\t\t\t\t\t\t\t\t\t\t\t\t\t\t\t<\/div>\n\t\t\t\t<\/div>\n\t\t\t\t<div class=\"elementor-element elementor-element-709d206 elementor-widget elementor-widget-theme-post-title elementor-page-title elementor-widget-heading\" data-id=\"709d206\" data-element_type=\"widget\" data-widget_type=\"theme-post-title.default\">\n\t\t\t\t<div class=\"elementor-widget-container\">\n\t\t\t<h2 class=\"elementor-heading-title elementor-size-default\">Percussion in Focus: Reflections and Lessons from the 'Percussive Connections' Project<\/h2>\t\t<\/div>\n\t\t\t\t<\/div>\n\t\t\t\t\t<\/div>\n\t\t\t\t<\/div>\n\t\t\t\t<div class=\"elementor-element elementor-element-0501493 elementor-widget elementor-widget-button\" data-id=\"0501493\" data-element_type=\"widget\" data-widget_type=\"button.default\">\n\t\t\t\t<div class=\"elementor-widget-container\">\n\t\t\t\t\t<div class=\"elementor-button-wrapper\">\n\t\t\t<a class=\"elementor-button elementor-button-link elementor-size-sm\" href=\"https:\/\/proyate.siteup.dev\/en\/percussion-in-focus-reflections-and-lessons-from-the-percussive-connections-project-6\/\">\n\t\t\t\t\t\t<span class=\"elementor-button-content-wrapper\">\n\t\t\t\t\t\t<span class=\"elementor-button-icon elementor-align-icon-right\">\n\t\t\t\t<svg xmlns=\"http:\/\/www.w3.org\/2000\/svg\" width=\"24\" height=\"24\" viewbox=\"0 0 24 24\" fill=\"none\"><path d=\"M7 17L17 7\" stroke=\"#657056\" stroke-width=\"1.4\" stroke-linecap=\"round\" stroke-linejoin=\"round\"><\/path><path d=\"M7 7H17V17\" stroke=\"#657056\" stroke-width=\"1.4\" stroke-linecap=\"round\" stroke-linejoin=\"round\"><\/path><\/svg>\t\t\t<\/span>\n\t\t\t\t\t\t<span class=\"elementor-button-text\">Read more<\/span>\n\t\t<\/span>\n\t\t\t\t\t<\/a>\n\t\t<\/div>\n\t\t\t\t<\/div>\n\t\t\t\t<\/div>\n\t\t\t\t\t<\/div>\n\t\t\t\t<\/div>\n\t\t\t\t\t\t\t<\/div>\n\t\t<\/div><\/div><\/div>\t\t<\/div>\n\t\t\t\t<\/div>\n\t\t\t\t<div class=\"elementor-element elementor-element-1700eff elementor-widget elementor-widget-jet-smart-filters-pagination\" data-id=\"1700eff\" data-element_type=\"widget\" data-widget_type=\"jet-smart-filters-pagination.default\">\n\t\t\t\t<div class=\"elementor-widget-container\">\n\t\t\t<div\n\t\t\t\tclass=\"jet-smart-filters-pagination jet-filter\"\n\t\t\t\tdata-apply-provider=\"jet-engine\"\n\t\t\t\tdata-content-provider=\"jet-engine\"\n\t\t\t\tdata-query-id=\"default\"\n\t\t\t\tdata-controls=\"{&quot;items_enabled&quot;:true,&quot;pages_mid_size&quot;:0,&quot;pages_end_size&quot;:0,&quot;nav_enabled&quot;:false,&quot;load_more_enabled&quot;:false,&quot;provider_top_offset&quot;:0}\"\n\t\t\t\tdata-apply-type=\"ajax\"\n\t\t\t><\/div>\t\t<\/div>\n\t\t\t\t<\/div>\n\t\t\t\t\t<\/div>\n\t\t\t\t<\/div>\n\t\t\t\t\t\t\t<\/div>","protected":false},"excerpt":{"rendered":"<p>Blog Nosso Blog Leia mais Leia mais<\/p>","protected":false},"author":4002,"featured_media":0,"parent":0,"menu_order":0,"comment_status":"closed","ping_status":"closed","template":"elementor_header_footer","meta":{"footnotes":""},"yoast_head":"<!-- This site is optimized with the Yoast SEO plugin v21.8 - https:\/\/yoast.com\/wordpress\/plugins\/seo\/ -->\n<title>Blog Sobre Projetos Culturais | Proyat\u00ea<\/title>\n<meta name=\"description\" content=\"Explore insights e dicas no Blog Proyat\u00ea para excel\u00eancia em projetos culturais. Seja um gestor cultural de destaque!\" \/>\n<meta name=\"robots\" content=\"noindex, follow, max-snippet:-1, max-image-preview:large, max-video-preview:-1\" \/>\n<meta property=\"og:locale\" content=\"en_US\" \/>\n<meta property=\"og:type\" content=\"article\" \/>\n<meta property=\"og:title\" content=\"Blog Sobre Projetos Culturais | Proyat\u00ea\" \/>\n<meta property=\"og:description\" content=\"Explore insights e dicas no Blog Proyat\u00ea para excel\u00eancia em projetos culturais. Seja um gestor cultural de destaque!\" \/>\n<meta property=\"og:url\" content=\"https:\/\/proyate.siteup.dev\/en\/blog\/\" \/>\n<meta property=\"og:site_name\" content=\"PROYAT\u00ca\" \/>\n<meta property=\"article:modified_time\" content=\"2024-01-17T14:21:56+00:00\" \/>\n<meta property=\"og:image\" content=\"https:\/\/proyate.siteup.dev\/wp-content\/uploads\/2024\/01\/div-blog.png\" \/>\n<meta name=\"twitter:card\" content=\"summary_large_image\" \/>\n<meta name=\"twitter:label1\" content=\"Est. reading time\" \/>\n\t<meta name=\"twitter:data1\" content=\"2 minutes\" \/>\n<script type=\"application\/ld+json\" class=\"yoast-schema-graph\">{\"@context\":\"https:\/\/schema.org\",\"@graph\":[{\"@type\":\"WebPage\",\"@id\":\"https:\/\/proyate.siteup.dev\/en\/blog\/\",\"url\":\"https:\/\/proyate.siteup.dev\/en\/blog\/\",\"name\":\"Blog Sobre Projetos Culturais | Proyat\u00ea\",\"isPartOf\":{\"@id\":\"https:\/\/proyate.siteup.dev\/en\/#website\"},\"datePublished\":\"2023-10-31T19:27:24+00:00\",\"dateModified\":\"2024-01-17T14:21:56+00:00\",\"description\":\"Explore insights e dicas no Blog Proyat\u00ea para excel\u00eancia em projetos culturais. Seja um gestor cultural de destaque!\",\"inLanguage\":\"en-US\",\"potentialAction\":[{\"@type\":\"ReadAction\",\"target\":[\"https:\/\/proyate.siteup.dev\/en\/blog\/\"]}]},{\"@type\":\"WebSite\",\"@id\":\"https:\/\/proyate.siteup.dev\/en\/#website\",\"url\":\"https:\/\/proyate.siteup.dev\/en\/\",\"name\":\"PROYAT\u00ca\",\"description\":\"\",\"publisher\":{\"@id\":\"https:\/\/proyate.siteup.dev\/en\/#organization\"},\"potentialAction\":[{\"@type\":\"SearchAction\",\"target\":{\"@type\":\"EntryPoint\",\"urlTemplate\":\"https:\/\/proyate.siteup.dev\/en\/?s={search_term_string}\"},\"query-input\":\"required name=search_term_string\"}],\"inLanguage\":\"en-US\"},{\"@type\":\"Organization\",\"@id\":\"https:\/\/proyate.siteup.dev\/en\/#organization\",\"name\":\"PROYAT\u00ca\",\"url\":\"https:\/\/proyate.siteup.dev\/en\/\",\"logo\":{\"@type\":\"ImageObject\",\"inLanguage\":\"en-US\",\"@id\":\"https:\/\/proyate.siteup.dev\/en\/#\/schema\/logo\/image\/\",\"url\":\"https:\/\/proyate.siteup.dev\/wp-content\/uploads\/2023\/10\/home-logo-footer.png\",\"contentUrl\":\"https:\/\/proyate.siteup.dev\/wp-content\/uploads\/2023\/10\/home-logo-footer.png\",\"width\":334,\"height\":140,\"caption\":\"PROYAT\u00ca\"},\"image\":{\"@id\":\"https:\/\/proyate.siteup.dev\/en\/#\/schema\/logo\/image\/\"}}]}<\/script>\n<!-- \/ Yoast SEO plugin. -->","yoast_head_json":{"title":"Blog Sobre Projetos Culturais | Proyat\u00ea","description":"Explore insights e dicas no Blog Proyat\u00ea para excel\u00eancia em projetos culturais. Seja um gestor cultural de destaque!","robots":{"index":"noindex","follow":"follow","max-snippet":"max-snippet:-1","max-image-preview":"max-image-preview:large","max-video-preview":"max-video-preview:-1"},"og_locale":"en_US","og_type":"article","og_title":"Blog Sobre Projetos Culturais | Proyat\u00ea","og_description":"Explore insights e dicas no Blog Proyat\u00ea para excel\u00eancia em projetos culturais. Seja um gestor cultural de destaque!","og_url":"https:\/\/proyate.siteup.dev\/en\/blog\/","og_site_name":"PROYAT\u00ca","article_modified_time":"2024-01-17T14:21:56+00:00","og_image":[{"url":"https:\/\/proyate.siteup.dev\/wp-content\/uploads\/2024\/01\/div-blog.png"}],"twitter_card":"summary_large_image","twitter_misc":{"Est. reading time":"2 minutes"},"schema":{"@context":"https:\/\/schema.org","@graph":[{"@type":"WebPage","@id":"https:\/\/proyate.siteup.dev\/en\/blog\/","url":"https:\/\/proyate.siteup.dev\/en\/blog\/","name":"Blog Sobre Projetos Culturais | Proyat\u00ea","isPartOf":{"@id":"https:\/\/proyate.siteup.dev\/en\/#website"},"datePublished":"2023-10-31T19:27:24+00:00","dateModified":"2024-01-17T14:21:56+00:00","description":"Explore insights e dicas no Blog Proyat\u00ea para excel\u00eancia em projetos culturais. Seja um gestor cultural de destaque!","inLanguage":"en-US","potentialAction":[{"@type":"ReadAction","target":["https:\/\/proyate.siteup.dev\/en\/blog\/"]}]},{"@type":"WebSite","@id":"https:\/\/proyate.siteup.dev\/en\/#website","url":"https:\/\/proyate.siteup.dev\/en\/","name":"PROYAT\u00ca","description":"","publisher":{"@id":"https:\/\/proyate.siteup.dev\/en\/#organization"},"potentialAction":[{"@type":"SearchAction","target":{"@type":"EntryPoint","urlTemplate":"https:\/\/proyate.siteup.dev\/en\/?s={search_term_string}"},"query-input":"required name=search_term_string"}],"inLanguage":"en-US"},{"@type":"Organization","@id":"https:\/\/proyate.siteup.dev\/en\/#organization","name":"PROYAT\u00ca","url":"https:\/\/proyate.siteup.dev\/en\/","logo":{"@type":"ImageObject","inLanguage":"en-US","@id":"https:\/\/proyate.siteup.dev\/en\/#\/schema\/logo\/image\/","url":"https:\/\/proyate.siteup.dev\/wp-content\/uploads\/2023\/10\/home-logo-footer.png","contentUrl":"https:\/\/proyate.siteup.dev\/wp-content\/uploads\/2023\/10\/home-logo-footer.png","width":334,"height":140,"caption":"PROYAT\u00ca"},"image":{"@id":"https:\/\/proyate.siteup.dev\/en\/#\/schema\/logo\/image\/"}}]}},"_links":{"self":[{"href":"https:\/\/proyate.siteup.dev\/en\/wp-json\/wp\/v2\/pages\/364"}],"collection":[{"href":"https:\/\/proyate.siteup.dev\/en\/wp-json\/wp\/v2\/pages"}],"about":[{"href":"https:\/\/proyate.siteup.dev\/en\/wp-json\/wp\/v2\/types\/page"}],"author":[{"embeddable":true,"href":"https:\/\/proyate.siteup.dev\/en\/wp-json\/wp\/v2\/users\/4002"}],"replies":[{"embeddable":true,"href":"https:\/\/proyate.siteup.dev\/en\/wp-json\/wp\/v2\/comments?post=364"}],"version-history":[{"count":44,"href":"https:\/\/proyate.siteup.dev\/en\/wp-json\/wp\/v2\/pages\/364\/revisions"}],"predecessor-version":[{"id":1301,"href":"https:\/\/proyate.siteup.dev\/en\/wp-json\/wp\/v2\/pages\/364\/revisions\/1301"}],"wp:attachment":[{"href":"https:\/\/proyate.siteup.dev\/en\/wp-json\/wp\/v2\/media?parent=364"}],"curies":[{"name":"wp","href":"https:\/\/api.w.org\/{rel}","templated":true}]}}